{"id":713323,"date":"2022-08-30T12:04:01","date_gmt":"2022-08-30T10:04:01","guid":{"rendered":"https:\/\/idec-grandsud.com\/telechargement-plaquette\/"},"modified":"2023-12-06T11:38:07","modified_gmt":"2023-12-06T10:38:07","slug":"telechargement-plaquette","status":"publish","type":"page","link":"https:\/\/idec-grandsud.com\/en\/telechargement-plaquette\/","title":{"rendered":"Download brochure"},"content":{"rendered":"\t\t<div data-elementor-type=\"wp-page\" data-elementor-id=\"713323\" class=\"elementor elementor-713323 elementor-185767\" data-elementor-post-type=\"page\">\n\t\t\t\t\t\t<section class=\"elementor-section elementor-top-section elementor-element elementor-element-164abde elementor-section-height-min-height scheme_dark elementor-section-boxed elementor-section-height-default elementor-section-items-middle sc_fly_static\" data-id=\"164abde\" data-element_type=\"section\" data-settings=\"{&quot;background_background&quot;:&quot;classic&quot;}\">\n\t\t\t\t\t\t<div class=\"elementor-container elementor-column-gap-extended\">\n\t\t\t\t\t<div class=\"elementor-column elementor-col-100 elementor-top-column elementor-element elementor-element-3944178 sc_content_align_center sc_layouts_column_icons_position_left sc_fly_static\" data-id=\"3944178\" data-element_type=\"column\">\n\t\t\t<div class=\"elementor-widget-wrap elementor-element-populated\">\n\t\t\t\t\t\t<div data-animation-type=\"block\" class=\"elementor-element elementor-element-7f36c6c sc_layouts_hide_on_wide sc_layouts_hide_on_desktop sc_layouts_hide_on_notebook sc_layouts_hide_on_tablet sc_layouts_hide_on_mobile sc_fly_static elementor-widget elementor-widget-heading\" data-id=\"7f36c6c\" data-element_type=\"widget\" data-settings=\"{&quot;_animation&quot;:&quot;none&quot;,&quot;_animation_delay&quot;:400}\" data-widget_type=\"heading.default\">\n\t\t\t\t<div class=\"elementor-widget-container\">\n\t\t\t\t\t<h1 class=\"elementor-heading-title elementor-size-default\">Brochure sent<\/h1>\t\t\t\t<\/div>\n\t\t\t\t<\/div>\n\t\t\t\t<div data-animation-type=\"block\" class=\"elementor-element elementor-element-da361a3 sc_fly_static elementor-widget elementor-widget-heading\" data-id=\"da361a3\" data-element_type=\"widget\" data-settings=\"{&quot;_animation&quot;:&quot;none&quot;,&quot;_animation_delay&quot;:400}\" data-widget_type=\"heading.default\">\n\t\t\t\t<div class=\"elementor-widget-container\">\n\t\t\t\t\t<h1 class=\"elementor-heading-title elementor-size-default\">Download brochure<\/h1>\t\t\t\t<\/div>\n\t\t\t\t<\/div>\n\t\t\t\t\t<\/div>\n\t\t<\/div>\n\t\t\t\t\t<\/div>\n\t\t<\/section>\n\t\t\t\t<section class=\"elementor-section elementor-top-section elementor-element elementor-element-8a29f43 elementor-section-boxed elementor-section-height-default elementor-section-height-default sc_fly_static\" data-id=\"8a29f43\" data-element_type=\"section\">\n\t\t\t\t\t\t<div class=\"elementor-container elementor-column-gap-extended\">\n\t\t\t\t\t<div class=\"elementor-column elementor-col-100 elementor-top-column elementor-element elementor-element-1e9688d sc_content_align_inherit sc_layouts_column_icons_position_left sc_fly_static\" data-id=\"1e9688d\" data-element_type=\"column\">\n\t\t\t<div class=\"elementor-widget-wrap elementor-element-populated\">\n\t\t\t\t\t\t<div class=\"elementor-element elementor-element-3bc7747 sc_layouts_hide_on_wide sc_layouts_hide_on_desktop sc_layouts_hide_on_notebook sc_layouts_hide_on_tablet sc_layouts_hide_on_mobile sc_fly_static elementor-widget elementor-widget-text-editor\" data-id=\"3bc7747\" data-element_type=\"widget\" data-widget_type=\"text-editor.default\">\n\t\t\t\t<div class=\"elementor-widget-container\">\n\t\t\t\t\t\t\t\t\t<h5>We have sent you the brochure. <br \/>Please check your email.<\/h5>\t\t\t\t\t\t\t\t<\/div>\n\t\t\t\t<\/div>\n\t\t\t\t<div class=\"elementor-element elementor-element-4703a02 sc_fly_static elementor-widget elementor-widget-spacer\" data-id=\"4703a02\" data-element_type=\"widget\" data-widget_type=\"spacer.default\">\n\t\t\t\t<div class=\"elementor-widget-container\">\n\t\t\t\t\t\t\t<div class=\"elementor-spacer\">\n\t\t\t<div class=\"elementor-spacer-inner\"><\/div>\n\t\t<\/div>\n\t\t\t\t\t\t<\/div>\n\t\t\t\t<\/div>\n\t\t\t\t<div class=\"elementor-element elementor-element-1583b81 sc_fly_static elementor-widget elementor-widget-image\" data-id=\"1583b81\" data-element_type=\"widget\" data-widget_type=\"image.default\">\n\t\t\t\t<div class=\"elementor-widget-container\">\n\t\t\t\t\t\t\t\t\t\t\t\t\t\t\t<img fetchpriority=\"high\" decoding=\"async\" width=\"1024\" height=\"706\" src=\"https:\/\/idec-grandsud.com\/wp-content\/uploads\/2022\/08\/Mockup_Brochure_IGS_1024x706.jpg\" class=\"attachment-large size-large wp-image-185790\" alt=\"\" srcset=\"https:\/\/idec-grandsud.com\/wp-content\/uploads\/2022\/08\/Mockup_Brochure_IGS_1024x706.jpg 1024w, https:\/\/idec-grandsud.com\/wp-content\/uploads\/2022\/08\/Mockup_Brochure_IGS_1024x706-300x207.jpg 300w, https:\/\/idec-grandsud.com\/wp-content\/uploads\/2022\/08\/Mockup_Brochure_IGS_1024x706-768x530.jpg 768w, https:\/\/idec-grandsud.com\/wp-content\/uploads\/2022\/08\/Mockup_Brochure_IGS_1024x706-370x255.jpg 370w, https:\/\/idec-grandsud.com\/wp-content\/uploads\/2022\/08\/Mockup_Brochure_IGS_1024x706-840x579.jpg 840w, https:\/\/idec-grandsud.com\/wp-content\/uploads\/2022\/08\/Mockup_Brochure_IGS_1024x706-410x283.jpg 410w\" sizes=\"(max-width: 1024px) 100vw, 1024px\" \/>\t\t\t\t\t\t\t\t\t\t\t\t\t\t\t<\/div>\n\t\t\t\t<\/div>\n\t\t\t\t<div class=\"elementor-element elementor-element-6a8bcb5 sc_fly_static elementor-widget elementor-widget-trx_sc_button\" data-id=\"6a8bcb5\" data-element_type=\"widget\" data-widget_type=\"trx_sc_button.default\">\n\t\t\t\t<div class=\"elementor-widget-container\">\n\t\t\t\t\t<div\tclass=\"sc_item_button sc_button_wrap sc_align_center\" ><a href=\"https:\/\/idec-grandsud.com\/wp-content\/uploads\/2022\/03\/plaquette-idec-grand-sud-03-2022.pdf\" class=\"sc_button sc_button_hover sc_button_size_normal sc_button_icon_left\" target=\"_blank\" ><span class=\"sc_button_text\"><span class=\"sc_button_title\">Download brochure<\/span><\/span><\/a><\/div>\t\t\t\t<\/div>\n\t\t\t\t<\/div>\n\t\t\t\t\t<\/div>\n\t\t<\/div>\n\t\t\t\t\t<\/div>\n\t\t<\/section>\n\t\t\t\t<\/div>\n\t\t","protected":false},"excerpt":{"rendered":"<p>Brochure sent Download brochure We have sent you the brochure. Please check your email. Download brochure<\/p>\n","protected":false},"author":1,"featured_media":0,"parent":0,"menu_order":0,"comment_status":"closed","ping_status":"closed","template":"","meta":{"inline_featured_image":false,"footnotes":""},"class_list":["post-713323","page","type-page","status-publish","hentry"],"yoast_head":"<!-- This site is optimized with the Yoast SEO plugin v27.2 - https:\/\/yoast.com\/product\/yoast-seo-wordpress\/ -->\n<title>Download brochure - IDEC GRAND SUD<\/title>\n<meta name=\"robots\" content=\"index, follow, max-snippet:-1, max-image-preview:large, max-video-preview:-1\" \/>\n<link rel=\"canonical\" href=\"https:\/\/idec-grandsud.com\/telechargement-plaquette\/\" \/>\n<meta property=\"og:locale\" content=\"en_US\" \/>\n<meta property=\"og:type\" content=\"article\" \/>\n<meta property=\"og:title\" content=\"Download brochure - IDEC GRAND SUD\" \/>\n<meta property=\"og:description\" content=\"Brochure sent Download brochure We have sent you the brochure. Please check your email. Download brochure\" \/>\n<meta property=\"og:url\" content=\"https:\/\/idec-grandsud.com\/telechargement-plaquette\/\" \/>\n<meta property=\"og:site_name\" content=\"IDEC GRAND SUD\" \/>\n<meta property=\"article:modified_time\" content=\"2023-12-06T10:38:07+00:00\" \/>\n<meta property=\"og:image\" content=\"https:\/\/idec-grandsud.com\/wp-content\/uploads\/2022\/08\/Mockup_Brochure_IGS_1024x706.jpg\" \/>\n<meta name=\"twitter:card\" content=\"summary_large_image\" \/>\n<meta name=\"twitter:label1\" content=\"Est. reading time\" \/>\n\t<meta name=\"twitter:data1\" content=\"1 minute\" \/>\n<script type=\"application\/ld+json\" class=\"yoast-schema-graph\">{\"@context\":\"https:\/\/schema.org\",\"@graph\":[{\"@type\":\"WebPage\",\"@id\":\"https:\/\/idec-grandsud.com\/telechargement-plaquette\/\",\"url\":\"https:\/\/idec-grandsud.com\/telechargement-plaquette\/\",\"name\":\"Download brochure - IDEC GRAND SUD\",\"isPartOf\":{\"@id\":\"https:\/\/idec-grandsud.com\/#website\"},\"primaryImageOfPage\":{\"@id\":\"https:\/\/idec-grandsud.com\/telechargement-plaquette\/#primaryimage\"},\"image\":{\"@id\":\"https:\/\/idec-grandsud.com\/telechargement-plaquette\/#primaryimage\"},\"thumbnailUrl\":\"https:\/\/idec-grandsud.com\/wp-content\/uploads\/2022\/08\/Mockup_Brochure_IGS_1024x706.jpg\",\"datePublished\":\"2022-08-30T10:04:01+00:00\",\"dateModified\":\"2023-12-06T10:38:07+00:00\",\"breadcrumb\":{\"@id\":\"https:\/\/idec-grandsud.com\/telechargement-plaquette\/#breadcrumb\"},\"inLanguage\":\"en-US\",\"potentialAction\":[{\"@type\":\"ReadAction\",\"target\":[\"https:\/\/idec-grandsud.com\/telechargement-plaquette\/\"]}]},{\"@type\":\"ImageObject\",\"inLanguage\":\"en-US\",\"@id\":\"https:\/\/idec-grandsud.com\/telechargement-plaquette\/#primaryimage\",\"url\":\"https:\/\/idec-grandsud.com\/wp-content\/uploads\/2022\/08\/Mockup_Brochure_IGS_1024x706.jpg\",\"contentUrl\":\"https:\/\/idec-grandsud.com\/wp-content\/uploads\/2022\/08\/Mockup_Brochure_IGS_1024x706.jpg\"},{\"@type\":\"BreadcrumbList\",\"@id\":\"https:\/\/idec-grandsud.com\/telechargement-plaquette\/#breadcrumb\",\"itemListElement\":[{\"@type\":\"ListItem\",\"position\":1,\"name\":\"Accueil\",\"item\":\"https:\/\/idec-grandsud.com\/en\/\"},{\"@type\":\"ListItem\",\"position\":2,\"name\":\"Download brochure\"}]},{\"@type\":\"WebSite\",\"@id\":\"https:\/\/idec-grandsud.com\/#website\",\"url\":\"https:\/\/idec-grandsud.com\/\",\"name\":\"IDEC GRAND SUD\",\"description\":\"D\u00e9couvrez IDEC GRAND SUD, le sp\u00e9cialiste de la conception et de la construction cl\u00e9 en main d&#039;immobilier d&#039;entreprise, commercial et r\u00e9sidentiel.\",\"publisher\":{\"@id\":\"https:\/\/idec-grandsud.com\/#organization\"},\"potentialAction\":[{\"@type\":\"SearchAction\",\"target\":{\"@type\":\"EntryPoint\",\"urlTemplate\":\"https:\/\/idec-grandsud.com\/?s={search_term_string}\"},\"query-input\":{\"@type\":\"PropertyValueSpecification\",\"valueRequired\":true,\"valueName\":\"search_term_string\"}}],\"inLanguage\":\"en-US\"},{\"@type\":\"Organization\",\"@id\":\"https:\/\/idec-grandsud.com\/#organization\",\"name\":\"IDEC GRAND SUD\",\"url\":\"https:\/\/idec-grandsud.com\/\",\"logo\":{\"@type\":\"ImageObject\",\"inLanguage\":\"en-US\",\"@id\":\"https:\/\/idec-grandsud.com\/#\/schema\/logo\/image\/\",\"url\":\"https:\/\/idec-grandsud.com\/wp-content\/uploads\/2021\/08\/logo-idec-grand-sud-130x155-fd-blc.png\",\"contentUrl\":\"https:\/\/idec-grandsud.com\/wp-content\/uploads\/2021\/08\/logo-idec-grand-sud-130x155-fd-blc.png\",\"width\":130,\"height\":155,\"caption\":\"IDEC GRAND SUD\"},\"image\":{\"@id\":\"https:\/\/idec-grandsud.com\/#\/schema\/logo\/image\/\"},\"sameAs\":[\"https:\/\/www.linkedin.com\/company\/idec-grandsud\/\"]}]}<\/script>\n<!-- \/ Yoast SEO plugin. -->","yoast_head_json":{"title":"Download brochure - IDEC GRAND SUD","robots":{"index":"index","follow":"follow","max-snippet":"max-snippet:-1","max-image-preview":"max-image-preview:large","max-video-preview":"max-video-preview:-1"},"canonical":"https:\/\/idec-grandsud.com\/telechargement-plaquette\/","og_locale":"en_US","og_type":"article","og_title":"Download brochure - IDEC GRAND SUD","og_description":"Brochure sent Download brochure We have sent you the brochure. Please check your email. Download brochure","og_url":"https:\/\/idec-grandsud.com\/telechargement-plaquette\/","og_site_name":"IDEC GRAND SUD","article_modified_time":"2023-12-06T10:38:07+00:00","og_image":[{"url":"https:\/\/idec-grandsud.com\/wp-content\/uploads\/2022\/08\/Mockup_Brochure_IGS_1024x706.jpg","type":"","width":"","height":""}],"twitter_card":"summary_large_image","twitter_misc":{"Est. reading time":"1 minute"},"schema":{"@context":"https:\/\/schema.org","@graph":[{"@type":"WebPage","@id":"https:\/\/idec-grandsud.com\/telechargement-plaquette\/","url":"https:\/\/idec-grandsud.com\/telechargement-plaquette\/","name":"Download brochure - IDEC GRAND SUD","isPartOf":{"@id":"https:\/\/idec-grandsud.com\/#website"},"primaryImageOfPage":{"@id":"https:\/\/idec-grandsud.com\/telechargement-plaquette\/#primaryimage"},"image":{"@id":"https:\/\/idec-grandsud.com\/telechargement-plaquette\/#primaryimage"},"thumbnailUrl":"https:\/\/idec-grandsud.com\/wp-content\/uploads\/2022\/08\/Mockup_Brochure_IGS_1024x706.jpg","datePublished":"2022-08-30T10:04:01+00:00","dateModified":"2023-12-06T10:38:07+00:00","breadcrumb":{"@id":"https:\/\/idec-grandsud.com\/telechargement-plaquette\/#breadcrumb"},"inLanguage":"en-US","potentialAction":[{"@type":"ReadAction","target":["https:\/\/idec-grandsud.com\/telechargement-plaquette\/"]}]},{"@type":"ImageObject","inLanguage":"en-US","@id":"https:\/\/idec-grandsud.com\/telechargement-plaquette\/#primaryimage","url":"https:\/\/idec-grandsud.com\/wp-content\/uploads\/2022\/08\/Mockup_Brochure_IGS_1024x706.jpg","contentUrl":"https:\/\/idec-grandsud.com\/wp-content\/uploads\/2022\/08\/Mockup_Brochure_IGS_1024x706.jpg"},{"@type":"BreadcrumbList","@id":"https:\/\/idec-grandsud.com\/telechargement-plaquette\/#breadcrumb","itemListElement":[{"@type":"ListItem","position":1,"name":"Accueil","item":"https:\/\/idec-grandsud.com\/en\/"},{"@type":"ListItem","position":2,"name":"Download brochure"}]},{"@type":"WebSite","@id":"https:\/\/idec-grandsud.com\/#website","url":"https:\/\/idec-grandsud.com\/","name":"IDEC GRAND SUD","description":"D\u00e9couvrez IDEC GRAND SUD, le sp\u00e9cialiste de la conception et de la construction cl\u00e9 en main d&#039;immobilier d&#039;entreprise, commercial et r\u00e9sidentiel.","publisher":{"@id":"https:\/\/idec-grandsud.com\/#organization"},"potentialAction":[{"@type":"SearchAction","target":{"@type":"EntryPoint","urlTemplate":"https:\/\/idec-grandsud.com\/?s={search_term_string}"},"query-input":{"@type":"PropertyValueSpecification","valueRequired":true,"valueName":"search_term_string"}}],"inLanguage":"en-US"},{"@type":"Organization","@id":"https:\/\/idec-grandsud.com\/#organization","name":"IDEC GRAND SUD","url":"https:\/\/idec-grandsud.com\/","logo":{"@type":"ImageObject","inLanguage":"en-US","@id":"https:\/\/idec-grandsud.com\/#\/schema\/logo\/image\/","url":"https:\/\/idec-grandsud.com\/wp-content\/uploads\/2021\/08\/logo-idec-grand-sud-130x155-fd-blc.png","contentUrl":"https:\/\/idec-grandsud.com\/wp-content\/uploads\/2021\/08\/logo-idec-grand-sud-130x155-fd-blc.png","width":130,"height":155,"caption":"IDEC GRAND SUD"},"image":{"@id":"https:\/\/idec-grandsud.com\/#\/schema\/logo\/image\/"},"sameAs":["https:\/\/www.linkedin.com\/company\/idec-grandsud\/"]}]}},"_links":{"self":[{"href":"https:\/\/idec-grandsud.com\/en\/wp-json\/wp\/v2\/pages\/713323","targetHints":{"allow":["GET"]}}],"collection":[{"href":"https:\/\/idec-grandsud.com\/en\/wp-json\/wp\/v2\/pages"}],"about":[{"href":"https:\/\/idec-grandsud.com\/en\/wp-json\/wp\/v2\/types\/page"}],"author":[{"embeddable":true,"href":"https:\/\/idec-grandsud.com\/en\/wp-json\/wp\/v2\/users\/1"}],"replies":[{"embeddable":true,"href":"https:\/\/idec-grandsud.com\/en\/wp-json\/wp\/v2\/comments?post=713323"}],"version-history":[{"count":22,"href":"https:\/\/idec-grandsud.com\/en\/wp-json\/wp\/v2\/pages\/713323\/revisions"}],"predecessor-version":[{"id":1492303,"href":"https:\/\/idec-grandsud.com\/en\/wp-json\/wp\/v2\/pages\/713323\/revisions\/1492303"}],"wp:attachment":[{"href":"https:\/\/idec-grandsud.com\/en\/wp-json\/wp\/v2\/media?parent=713323"}],"curies":[{"name":"wp","href":"https:\/\/api.w.org\/{rel}","templated":true}]}}